{"id":617,"date":"2024-04-16T01:54:45","date_gmt":"2024-04-16T07:54:45","guid":{"rendered":"https:\/\/veoliajobs.wpenginepowered.com\/?page_id=617"},"modified":"2024-05-24T14:25:09","modified_gmt":"2024-05-24T20:25:09","slug":"talent_network","status":"publish","type":"page","link":"https:\/\/careers.veolianorthamerica.com\/fr\/talent_network\/","title":{"rendered":"R\u00e9seau de talents"},"content":{"rendered":"<div data-elementor-type=\"wp-page\" data-elementor-id=\"617\" class=\"elementor elementor-617\" data-elementor-post-type=\"page\">\n\t\t\t\t<div class=\"elementor-element elementor-element-294e4ea e-flex e-con-boxed e-con e-parent\" data-id=\"294e4ea\" data-element_type=\"container\" data-e-type=\"container\" data-settings=\"{&quot;background_background&quot;:&quot;classic&quot;}\">\n\t\t\t\t\t<div class=\"e-con-inner\">\n\t\t<div class=\"elementor-element elementor-element-d48d102 e-con-full e-flex e-con e-child\" data-id=\"d48d102\" data-element_type=\"container\" data-e-type=\"container\">\n\t\t\t\t<div class=\"elementor-element elementor-element-97b6ccd elementor-widget elementor-widget-heading\" data-id=\"97b6ccd\" data-element_type=\"widget\" data-e-type=\"widget\" data-widget_type=\"heading.default\">\n\t\t\t\t<div class=\"elementor-widget-container\">\n\t\t\t\t\t<h2 class=\"elementor-heading-title elementor-size-default\">Pourquoi rejoindre notre r\u00e9seau de talents ?<\/h2>\t\t\t\t<\/div>\n\t\t\t\t<\/div>\n\t\t\t\t<div class=\"elementor-element elementor-element-9ec86bb elementor-widget elementor-widget-text-editor\" data-id=\"9ec86bb\" data-element_type=\"widget\" data-e-type=\"widget\" data-widget_type=\"text-editor.default\">\n\t\t\t\t<div class=\"elementor-widget-container\">\n\t\t\t\t\t\t\t\t\t<p>En rejoignant notre r\u00e9seau de talents, vous am\u00e9liorerez votre recherche d'emploi et votre processus de candidature. Que vous choisissiez de postuler ou de laisser vos coordonn\u00e9es, nous nous r\u00e9jouissons de rester en contact avec vous. \u00a0<\/p><ul><li>Recevoir des alertes sur les nouvelles offres d'emploi qui correspondent \u00e0 vos centres d'int\u00e9r\u00eat<\/li><li>Recevoir des communications et des mises \u00e0 jour pertinentes de notre organisation<\/li><li>Partagez les offres d'emploi avec votre famille et vos amis par le biais des m\u00e9dias sociaux ou par courrier \u00e9lectronique.<\/li><\/ul>\t\t\t\t\t\t\t\t<\/div>\n\t\t\t\t<\/div>\n\t\t\t\t<\/div>\n\t\t<div class=\"elementor-element elementor-element-e8080df e-con-full e-flex e-con e-child\" data-id=\"e8080df\" data-element_type=\"container\" data-e-type=\"container\">\n\t\t\t\t<div class=\"elementor-element elementor-element-fe01a13 elementor-widget elementor-widget-heading\" data-id=\"fe01a13\" data-element_type=\"widget\" data-e-type=\"widget\" data-widget_type=\"heading.default\">\n\t\t\t\t<div class=\"elementor-widget-container\">\n\t\t\t\t\t<h2 class=\"elementor-heading-title elementor-size-default\">Rejoignez notre r\u00e9seau de talents<\/h2>\t\t\t\t<\/div>\n\t\t\t\t<\/div>\n\t\t\t\t<div class=\"elementor-element elementor-element-4dee966 elementor-widget elementor-widget-html\" data-id=\"4dee966\" data-element_type=\"widget\" data-e-type=\"widget\" data-widget_type=\"html.default\">\n\t\t\t\t<div class=\"elementor-widget-container\">\n\t\t\t\t\t<div data-tf-live=\"01HYNX7TATG1X44NTPD1VXD2B8\"><\/div><script src=\"\/\/embed.typeform.com\/next\/embed.js\"><\/script>\t\t\t\t<\/div>\n\t\t\t\t<\/div>\n\t\t\t\t<\/div>\n\t\t\t\t\t<\/div>\n\t\t\t\t<\/div>\n\t\t\t\t<\/div>","protected":false},"excerpt":{"rendered":"<p>Why Join Our Talent Network? Joining our Talent Network will enhance your job search and application process. Whether you choose to apply or just leave your information, we look forward to staying connected with you. \u00a0 Receive alerts with new job opportunities that match your interests Receive relevant communications and updates from our organization Share [&hellip;]<\/p>\n","protected":false},"author":1,"featured_media":0,"parent":0,"menu_order":0,"comment_status":"closed","ping_status":"closed","template":"","meta":{"_acf_changed":false,"footnotes":""},"class_list":["post-617","page","type-page","status-publish","hentry"],"acf":[],"_links":{"self":[{"href":"https:\/\/careers.veolianorthamerica.com\/fr\/wp-json\/wp\/v2\/pages\/617","targetHints":{"allow":["GET"]}}],"collection":[{"href":"https:\/\/careers.veolianorthamerica.com\/fr\/wp-json\/wp\/v2\/pages"}],"about":[{"href":"https:\/\/careers.veolianorthamerica.com\/fr\/wp-json\/wp\/v2\/types\/page"}],"author":[{"embeddable":true,"href":"https:\/\/careers.veolianorthamerica.com\/fr\/wp-json\/wp\/v2\/users\/1"}],"replies":[{"embeddable":true,"href":"https:\/\/careers.veolianorthamerica.com\/fr\/wp-json\/wp\/v2\/comments?post=617"}],"version-history":[{"count":0,"href":"https:\/\/careers.veolianorthamerica.com\/fr\/wp-json\/wp\/v2\/pages\/617\/revisions"}],"wp:attachment":[{"href":"https:\/\/careers.veolianorthamerica.com\/fr\/wp-json\/wp\/v2\/media?parent=617"}],"curies":[{"name":"wp","href":"https:\/\/api.w.org\/{rel}","templated":true}]}}